{"id":2070,"date":"2022-03-28T06:32:15","date_gmt":"2022-03-28T06:32:15","guid":{"rendered":"https:\/\/vodovodcazin.com\/v3\/?page_id=2070"},"modified":"2022-04-21T08:06:30","modified_gmt":"2022-04-21T08:06:30","slug":"vodovodni-sistem-grada-cazina","status":"publish","type":"page","link":"https:\/\/vodovodcazin.com\/v3\/vodovodni-sistem-grada-cazina\/","title":{"rendered":"Vodovodni sistem Grada Cazina"},"content":{"rendered":"\n<p>Ukupna du\u017eina vodovodne mre\u017ee Grada Cazina iznosi preko 1000 km i uklju\u010duje 6 zasebnih vodovoda koji \u010dine vodovodni sistem Grada Cazina. Ovim sistemom se centralizovano upravlja iz sjedi\u0161ta JKP \u201eVodovod\u201c d.o.o. Cazin.<\/p>\n\n\n\n<p>Vodovodni sistem sadr\u017ei 11 bunara sa dubinskim pumpama i 19 prepumpnih stanica, odnosno ukupno 29 vodnih objekata.<\/p>\n\n\n\n<p>Kompleksnost vodovodnog sistema ogleda se u ve\u0107inskom zahvatu podzemnih izvora 97% i svega 3% zahvatu sa povr\u0161inskih izvora za \u0161to je instalirano 48 pumpi ukupno instalirane snage oko 1500 kW.<\/p>\n\n\n\n<p>JKP \u201eVodovod\u201c d.o.o. svake godine u granicama mogu\u0107nosti, ula\u017ee u nove infrastrukturne objekte sa ciljem obezbje\u0111enja uslova i pobolj\u0161anja kvaliteta vodosnadbijevanja i odnodnje otpadnih voda. Dijelom se ove aktivnosti finansiraju vlastitim sredstvima, a dijelom se finansiraju iz razli\u010ditih vanjskih izvora (bud\u017eet Grada Cazina, Kantona, Vlade FBIH, Europske Banke za obnovu i razvoj EBRD, \u0160vicarske agencije za razvoj i saradnju SDC, UNDP i dr.)<\/p>\n\n\n\n<p>Vodovodni sistem Grada Cazina se sastoji od sljede\u0107ih vodovoda:<\/p>\n\n\n\n<ul class=\"wp-block-list\"><li>Vodovod Vignjevi\u0107i<\/li><li>Vodovod Mutnik<\/li><li>Vodovod Tahirovi\u0107i<\/li><li>Vodovod Ljubijanki\u0107i<\/li><li>Vodovod Paji\u0107a potok<\/li><li>Vodovod Stovrela<\/li><\/ul>\n\n\n\n<hr class=\"wp-block-separator\"\/>\n\n\n\n<p class=\"has-text-align-center\"><strong>Vodovod Vignjevi\u0107i<\/strong><\/p>\n\n\n\n<p>Ovaj vodovod snadbjeva vodom podru\u010dje Grada Cazina te MZ-e Ostro\u017eac, Pro\u0161i\u0107i, Vrelo, Majeti\u0107i, Miostrah, Gnjilavac, dio MZ Polje te MZ Slatina i \u010cizmi\u0107i.<\/p>\n\n\n\n<p>Ukupan broj potro\u0161a\u010da priklju\u010denih na vodovod Vignjevi\u0107i iznosi 6869.<\/p>\n\n\n\n<p>Na izvori\u0161tu Vignjevi\u0107i su instalirane tri dubinske pumpe i to:<\/p>\n\n\n\n<ul class=\"wp-block-list\"><li>Bunar B1 \u2013 pumpa kapaciteta 50l\/s snage 110 kW<\/li><li>Bunar B2 \u2013 pumpa kapaciteta 30l\/s snage 55 kW<\/li><li>Bunar B3 \u2013 pumpa kapaciteta 70l\/s snage 200 kW<\/li><\/ul>\n\n\n\n<p>Iz ovog izvori\u0161ta se voda podi\u017ee na rezervoar Mihaljevac \u010dija je zapremina 1000 metara kubnih od kud se dalje distribuira potro\u0161a\u010dima.<\/p>\n\n\n\n<p>Ukupna du\u017eina vodovodne mre\u017ee vodovoda Vignjevi\u0107i iznosi ne\u0161to vi\u0161e od 200 kilometara.<\/p>\n\n\n\n<hr class=\"wp-block-separator\"\/>\n\n\n\n<p class=\"has-text-align-center\"><strong>Vodovod Mutnik<\/strong><\/p>\n\n\n\n<p>Ovaj vodovod snadbjeva vodovom potro\u0161a\u010de sa podru\u010dja MZ Mutnik, Tr\u017ea\u010dka Ra\u0161tela, Pjani\u0107i, \u0160turli\u0107 te dio MZ Krivaja.<\/p>\n\n\n\n<p>Ukupan broj potro\u0161a\u010da priklju\u010denih na ovaj vodovod iznosi 3342.<\/p>\n\n\n\n<p>Na izvori\u0161tu Mutnik su instalirane dvije dubinske pumpe i to:<\/p>\n\n\n\n<ul class=\"wp-block-list\"><li>Bunar B1 \u2013 pumpa kapaciteta 50l\/s snage 66 kW<\/li><li>Bunar B2 \u2013 pumpa kapaciteta 50l\/s snage 66 kW<\/li><\/ul>\n\n\n\n<p>Iz ovog izvori\u0161ta se voda podi\u017ee na rezervoar Stra\u017ea \u010dija je zapremina 3000 metara kubnih, od kud se distribuira potro\u0161a\u010dima.<\/p>\n\n\n\n<p>Ukupna du\u017eina vodovodne mre\u017ee vodovoda Mutnik iznosi preko 150 kilometara.<\/p>\n\n\n\n<hr class=\"wp-block-separator\"\/>\n\n\n\n<p class=\"has-text-align-center\"><strong>Vodovod Tahirovi\u0107i<\/strong><\/p>\n\n\n\n<p>Sa vodovodom Tahirovi\u0107i vodom se snadbijevaju potro\u0161a\u010di iz MZ \u0106orali\u0107i, MZ Liskovac, dijelovi MZ Skokovi i Krivaja.<\/p>\n\n\n\n<p>Ukupan broj potro\u0161a\u010da koji su priklju\u010deni na vodovod Tahirovi\u0107i je 3293.<\/p>\n\n\n\n<p>Na izvori\u0161tu Tahirovi\u0107i su instalirane dvije dubinske pumpe i to:<\/p>\n\n\n\n<ul class=\"wp-block-list\"><li>Bunar B1 \u2013 pumpa kapaciteta 30l\/s snage 45 kW<\/li><li>Bunar B2 \u2013 pumpa kapaciteta 25l\/s snage 37 kW<\/li><\/ul>\n\n\n\n<p>Iz ovog izvori\u0161ta se voda podi\u017ee u rezervoar Tahirovi\u0107i \u010dija je zapremina 3000 metara kubnih od kud se dalje distribuira potro\u0161a\u010dima.<\/p>\n\n\n\n<hr class=\"wp-block-separator\"\/>\n\n\n\n<p class=\"has-text-align-center\"><strong>Vodovod Ljubijanki\u0107i<\/strong><\/p>\n\n\n\n<p>Ovaj vodovod snadbjeva vodovom potro\u0161a\u010de sa podru\u010dja MZ Ljubijanki\u0107i, Gornja i Donja Koprivna, Stijena te dijelovi MZ Miostrah, Polje i Skokovi.<\/p>\n\n\n\n<p>Ukupan broj potro\u0161a\u010da priklju\u010denih na ovaj vodovod iznosi 2671.<\/p>\n\n\n\n<p>Na izvori\u0161tu Mutnik su instalirane tri dubinske pumpe i to:<\/p>\n\n\n\n<ul class=\"wp-block-list\"><li>Bunar B1 \u2013 pumpa kapaciteta 20l\/s snage 18 kW<\/li><li>Bunar B2 \u2013 pumpa kapaciteta 50l\/s snage 37 kW<\/li><li>Bunar B3 \u2013 pumpa kapaciteta 5l\/s snage 4 kW<\/li><\/ul>\n\n\n\n<p>Iz ovog izvori\u0161ta se voda dalje transportuje uz pomo\u0107 tri horizontalne pumpe (snaga svake pumpe je 160 kW dok je kapacitet svake od pumpi po 35 l\/s) u rezervoar \u0160ehiti \u010dija je zapremina 1000 metara kubnih, od kud se dalje distribuira potro\u0161a\u010dima.<\/p>\n\n\n\n<p>Ukupna du\u017eina vodovodne mre\u017ee vodovoda Mutnik iznosi preko 230 kilometara.<\/p>\n\n\n\n<hr class=\"wp-block-separator\"\/>\n\n\n\n<p class=\"has-text-align-center\"><strong>Vodovod Paji\u0107a potok<\/strong><\/p>\n\n\n\n<p>Sa vodovoda Paji\u0107a potok vodom se snadbijevaju potro\u0161a\u010di sa podru\u010dja dijela MZ Cazin (naselja Seferagi\u0107i i Mala Lisa) te dijela MZ \u0106orali\u0107i (Naselje Ba\u0161agi\u0107i).<\/p>\n\n\n\n<p>Ukupan broj potro\u0161a\u010da priklju\u010denih na vodovod Paji\u0107a potok je 1005.<\/p>\n\n\n\n<p>Na izvori\u0161tu Paji\u0107a potok je instalirana jedna pumpa kapaciteta 15l\/s snage 30 kW.<\/p>\n\n\n\n<p>Iz ovog izvori\u0161ta se voda podi\u017ee u rezervoar Karaula \u010dija je zapremina 200 metara kubnih od kud se dalje distribuira potro\u0161a\u010dima.<\/p>\n\n\n\n<hr class=\"wp-block-separator\"\/>\n\n\n\n<p class=\"has-text-align-center\"><strong>Vodovod Stovrela<\/strong><\/p>\n\n\n\n<p>Sa ovog vodovoda se vodom snadbijevaju potro\u0161a\u010di iz gornjeg dijela Grada Cazina \u2013 naselja \u017degar, Ge\u010deti, Stovrela, dio Klena te podru\u010dje oko \u017ditarnice.<\/p>\n\n\n\n<p>Ukupan broj potro\u0161a\u010da koji su priklju\u010deni na ovaj vodovod je 203.<\/p>\n\n\n\n<p>Voda se iz izvori\u0161ta Stovrela gravitacionim putem (prirodnim padom) transportuje u rezervoar \u0160o\u0161in kamen, \u010diji je kapacitet oko 200 metara kubnih od kud se dalje distribuira potro\u0161a\u010dima.<\/p>\n","protected":false},"excerpt":{"rendered":"<p>Ukupna du\u017eina vodovodne mre\u017ee Grada Cazina iznosi preko 1000 km i uklju\u010duje 6 zasebnih vodovoda koji \u010dine vodovodni sistem Grada Cazina. Ovim sistemom se centralizovano upravlja iz sjedi\u0161ta JKP \u201eVodovod\u201c &#8230;<\/p>\n","protected":false},"author":1,"featured_media":1475,"parent":0,"menu_order":0,"comment_status":"closed","ping_status":"closed","template":"","meta":{"footnotes":""},"class_list":["post-2070","page","type-page","status-publish","has-post-thumbnail","hentry"],"yoast_head":"<!-- This site is optimized with the Yoast SEO plugin v14.9 - https:\/\/yoast.com\/wordpress\/plugins\/seo\/ -->\n<title>Vodovodni sistem Grada Cazina - JKP Vodovod d.o.o. Cazin<\/title>\n<meta name=\"robots\" content=\"index, follow, max-snippet:-1, max-image-preview:large, max-video-preview:-1\" \/>\n<link rel=\"canonical\" href=\"https:\/\/vodovodcazin.com\/v3\/vodovodni-sistem-grada-cazina\/\" \/>\n<meta property=\"og:locale\" content=\"hr_HR\" \/>\n<meta property=\"og:type\" content=\"article\" \/>\n<meta property=\"og:title\" content=\"Vodovodni sistem Grada Cazina - JKP Vodovod d.o.o. Cazin\" \/>\n<meta property=\"og:description\" content=\"Ukupna du\u017eina vodovodne mre\u017ee Grada Cazina iznosi preko 1000 km i uklju\u010duje 6 zasebnih vodovoda koji \u010dine vodovodni sistem Grada Cazina. Ovim sistemom se centralizovano upravlja iz sjedi\u0161ta JKP \u201eVodovod\u201c ...\" \/>\n<meta property=\"og:url\" content=\"https:\/\/vodovodcazin.com\/v3\/vodovodni-sistem-grada-cazina\/\" \/>\n<meta property=\"og:site_name\" content=\"JKP Vodovod d.o.o. Cazin\" \/>\n<meta property=\"article:modified_time\" content=\"2022-04-21T08:06:30+00:00\" \/>\n<meta property=\"og:image\" content=\"https:\/\/vodovodcazin.com\/v3\/wp-content\/uploads\/2020\/08\/grb_vodovod_plavi.png\" \/>\n\t<meta property=\"og:image:width\" content=\"800\" \/>\n\t<meta property=\"og:image:height\" content=\"800\" \/>\n<meta name=\"twitter:card\" content=\"summary_large_image\" \/>\n<script type=\"application\/ld+json\" class=\"yoast-schema-graph\">{\"@context\":\"https:\/\/schema.org\",\"@graph\":[{\"@type\":\"WebSite\",\"@id\":\"https:\/\/vodovodcazin.com\/v3\/#website\",\"url\":\"https:\/\/vodovodcazin.com\/v3\/\",\"name\":\"JKP Vodovod d.o.o. Cazin\",\"description\":\"Sluzbena web stranica\",\"potentialAction\":[{\"@type\":\"SearchAction\",\"target\":\"https:\/\/vodovodcazin.com\/v3\/?s={search_term_string}\",\"query-input\":\"required name=search_term_string\"}],\"inLanguage\":\"hr\"},{\"@type\":\"ImageObject\",\"@id\":\"https:\/\/vodovodcazin.com\/v3\/vodovodni-sistem-grada-cazina\/#primaryimage\",\"inLanguage\":\"hr\",\"url\":\"https:\/\/vodovodcazin.com\/v3\/wp-content\/uploads\/2020\/08\/grb_vodovod_plavi.png\",\"width\":800,\"height\":800},{\"@type\":\"WebPage\",\"@id\":\"https:\/\/vodovodcazin.com\/v3\/vodovodni-sistem-grada-cazina\/#webpage\",\"url\":\"https:\/\/vodovodcazin.com\/v3\/vodovodni-sistem-grada-cazina\/\",\"name\":\"Vodovodni sistem Grada Cazina - JKP Vodovod d.o.o. Cazin\",\"isPartOf\":{\"@id\":\"https:\/\/vodovodcazin.com\/v3\/#website\"},\"primaryImageOfPage\":{\"@id\":\"https:\/\/vodovodcazin.com\/v3\/vodovodni-sistem-grada-cazina\/#primaryimage\"},\"datePublished\":\"2022-03-28T06:32:15+00:00\",\"dateModified\":\"2022-04-21T08:06:30+00:00\",\"inLanguage\":\"hr\",\"potentialAction\":[{\"@type\":\"ReadAction\",\"target\":[\"https:\/\/vodovodcazin.com\/v3\/vodovodni-sistem-grada-cazina\/\"]}]}]}<\/script>\n<!-- \/ Yoast SEO plugin. -->","_links":{"self":[{"href":"https:\/\/vodovodcazin.com\/v3\/wp-json\/wp\/v2\/pages\/2070","targetHints":{"allow":["GET"]}}],"collection":[{"href":"https:\/\/vodovodcazin.com\/v3\/wp-json\/wp\/v2\/pages"}],"about":[{"href":"https:\/\/vodovodcazin.com\/v3\/wp-json\/wp\/v2\/types\/page"}],"author":[{"embeddable":true,"href":"https:\/\/vodovodcazin.com\/v3\/wp-json\/wp\/v2\/users\/1"}],"replies":[{"embeddable":true,"href":"https:\/\/vodovodcazin.com\/v3\/wp-json\/wp\/v2\/comments?post=2070"}],"version-history":[{"count":3,"href":"https:\/\/vodovodcazin.com\/v3\/wp-json\/wp\/v2\/pages\/2070\/revisions"}],"predecessor-version":[{"id":2105,"href":"https:\/\/vodovodcazin.com\/v3\/wp-json\/wp\/v2\/pages\/2070\/revisions\/2105"}],"wp:featuredmedia":[{"embeddable":true,"href":"https:\/\/vodovodcazin.com\/v3\/wp-json\/wp\/v2\/media\/1475"}],"wp:attachment":[{"href":"https:\/\/vodovodcazin.com\/v3\/wp-json\/wp\/v2\/media?parent=2070"}],"curies":[{"name":"wp","href":"https:\/\/api.w.org\/{rel}","templated":true}]}}