{"id":1748,"date":"2021-02-09T12:57:59","date_gmt":"2021-02-09T12:57:59","guid":{"rendered":"https:\/\/vodovodcazin.com\/v3\/?page_id=1748"},"modified":"2021-02-11T07:35:04","modified_gmt":"2021-02-11T07:35:04","slug":"zahtjev-za-aktivaciju-e-racun","status":"publish","type":"page","link":"https:\/\/vodovodcazin.com\/v3\/zahtjev-za-aktivaciju-e-racun\/","title":{"rendered":"eKartica \/ Zahtjev za aktivaciju usluge"},"content":{"rendered":"\n<div class=\"wp-block-contact-form-7-contact-form-selector\"><div role=\"form\" class=\"wpcf7\" id=\"wpcf7-f1740-o1\" lang=\"hr\" dir=\"ltr\">\n<div class=\"screen-reader-response\"><p role=\"status\" aria-live=\"polite\" aria-atomic=\"true\"><\/p> <ul><\/ul><\/div>\n<form action=\"\/v3\/wp-json\/wp\/v2\/pages\/1748#wpcf7-f1740-o1\" method=\"post\" class=\"wpcf7-form init\" novalidate=\"novalidate\" data-status=\"init\">\n<div style=\"display: none;\">\n<input type=\"hidden\" name=\"_wpcf7\" value=\"1740\" \/>\n<input type=\"hidden\" name=\"_wpcf7_version\" value=\"5.3.2\" \/>\n<input type=\"hidden\" name=\"_wpcf7_locale\" value=\"hr\" \/>\n<input type=\"hidden\" name=\"_wpcf7_unit_tag\" value=\"wpcf7-f1740-o1\" \/>\n<input type=\"hidden\" name=\"_wpcf7_container_post\" value=\"0\" \/>\n<input type=\"hidden\" name=\"_wpcf7_posted_data_hash\" value=\"\" \/>\n<\/div>\n<p>ZAHTJEV ZA AKTIVACIJU USLUGE EKARTICA POTRO\u0160A\u010cA<\/p>\n<p>Ime: <span class=\"wpcf7-form-control-wrap ime\"><input type=\"text\" name=\"ime\" value=\"\" size=\"40\" class=\"wpcf7-form-control wpcf7-text wpcf7-validates-as-required\" id=\"ime\" aria-required=\"true\" aria-invalid=\"false\" \/><\/span><\/p>\n<p>Ime oca: <span class=\"wpcf7-form-control-wrap Imeoca\"><input type=\"text\" name=\"Imeoca\" value=\"\" size=\"40\" class=\"wpcf7-form-control wpcf7-text wpcf7-validates-as-required\" id=\"imeoca\" aria-required=\"true\" aria-invalid=\"false\" \/><\/span><\/p>\n<p>Prezime: <span class=\"wpcf7-form-control-wrap Prezime\"><input type=\"text\" name=\"Prezime\" value=\"\" size=\"40\" class=\"wpcf7-form-control wpcf7-text wpcf7-validates-as-required\" id=\"prezime\" aria-required=\"true\" aria-invalid=\"false\" \/><\/span><\/p>\n<p>Kontakt telefon: <span class=\"wpcf7-form-control-wrap Kontakttelefon\"><input type=\"text\" name=\"Kontakttelefon\" value=\"\" size=\"40\" class=\"wpcf7-form-control wpcf7-text wpcf7-validates-as-required\" id=\"kontakttelefon\" aria-required=\"true\" aria-invalid=\"false\" \/><\/span><\/p>\n<p>E-mail: <span class=\"wpcf7-form-control-wrap E-mail\"><input type=\"email\" name=\"E-mail\" value=\"\" size=\"40\" class=\"wpcf7-form-control wpcf7-text wpcf7-email wpcf7-validates-as-required wpcf7-validates-as-email\" id=\"email\" aria-required=\"true\" aria-invalid=\"false\" \/><\/span><\/p>\n<p>Da li \u017eelite primati ra\u010dun putem E-maila:<\/p>\n<p><span class=\"wpcf7-form-control-wrap DalieliteprimatiraunputemE-maila\"><span class=\"wpcf7-form-control wpcf7-radio\" id=\"dane\"><span class=\"wpcf7-list-item first\"><label><input type=\"radio\" name=\"DalieliteprimatiraunputemE-maila\" value=\"Da, \u017eelim se ujedno prijaviti i na uslugu primaj ra\u010dun e-mailom\" checked=\"checked\" \/><span class=\"wpcf7-list-item-label\">Da, \u017eelim se ujedno prijaviti i na uslugu primaj ra\u010dun e-mailom<\/span><\/label><\/span><span class=\"wpcf7-list-item last\"><label><input type=\"radio\" name=\"DalieliteprimatiraunputemE-maila\" value=\"NE, samo \u017eelim aktivirati uslugu eKartica potro\u0161a\u010da\" \/><span class=\"wpcf7-list-item-label\">NE, samo \u017eelim aktivirati uslugu eKartica potro\u0161a\u010da<\/span><\/label><\/span><\/span><\/span><\/p>\n<p><input type=\"submit\" value=\"Po\u0161alji zahtjev !\" class=\"wpcf7-form-control wpcf7-submit\" \/><\/p>\n<div class=\"wpcf7-response-output\" aria-hidden=\"true\"><\/div><\/form><\/div><\/div>\n","protected":false},"excerpt":{"rendered":"","protected":false},"author":1,"featured_media":0,"parent":0,"menu_order":0,"comment_status":"closed","ping_status":"closed","template":"","meta":{"footnotes":""},"class_list":["post-1748","page","type-page","status-publish","hentry"],"yoast_head":"<!-- This site is optimized with the Yoast SEO plugin v14.9 - https:\/\/yoast.com\/wordpress\/plugins\/seo\/ -->\n<title>eKartica \/ Zahtjev za aktivaciju usluge - JKP Vodovod d.o.o. Cazin<\/title>\n<meta name=\"robots\" content=\"index, follow, max-snippet:-1, max-image-preview:large, max-video-preview:-1\" \/>\n<link rel=\"canonical\" href=\"https:\/\/vodovodcazin.com\/v3\/zahtjev-za-aktivaciju-e-racun\/\" \/>\n<meta property=\"og:locale\" content=\"hr_HR\" \/>\n<meta property=\"og:type\" content=\"article\" \/>\n<meta property=\"og:title\" content=\"eKartica \/ Zahtjev za aktivaciju usluge - JKP Vodovod d.o.o. Cazin\" \/>\n<meta property=\"og:url\" content=\"https:\/\/vodovodcazin.com\/v3\/zahtjev-za-aktivaciju-e-racun\/\" \/>\n<meta property=\"og:site_name\" content=\"JKP Vodovod d.o.o. Cazin\" \/>\n<meta property=\"article:modified_time\" content=\"2021-02-11T07:35:04+00:00\" \/>\n<meta property=\"og:image\" content=\"https:\/\/vodovodcazin.com\/v3\/wp-content\/uploads\/2020\/09\/VodovodEusluge-1024x632.png\" \/>\n\t<meta property=\"og:image:width\" content=\"1024\" \/>\n\t<meta property=\"og:image:height\" content=\"632\" \/>\n<meta name=\"twitter:card\" content=\"summary_large_image\" \/>\n<script type=\"application\/ld+json\" class=\"yoast-schema-graph\">{\"@context\":\"https:\/\/schema.org\",\"@graph\":[{\"@type\":\"WebSite\",\"@id\":\"https:\/\/vodovodcazin.com\/v3\/#website\",\"url\":\"https:\/\/vodovodcazin.com\/v3\/\",\"name\":\"JKP Vodovod d.o.o. Cazin\",\"description\":\"Sluzbena web stranica\",\"potentialAction\":[{\"@type\":\"SearchAction\",\"target\":\"https:\/\/vodovodcazin.com\/v3\/?s={search_term_string}\",\"query-input\":\"required name=search_term_string\"}],\"inLanguage\":\"hr\"},{\"@type\":\"WebPage\",\"@id\":\"https:\/\/vodovodcazin.com\/v3\/zahtjev-za-aktivaciju-e-racun\/#webpage\",\"url\":\"https:\/\/vodovodcazin.com\/v3\/zahtjev-za-aktivaciju-e-racun\/\",\"name\":\"eKartica \/ Zahtjev za aktivaciju usluge - JKP Vodovod d.o.o. Cazin\",\"isPartOf\":{\"@id\":\"https:\/\/vodovodcazin.com\/v3\/#website\"},\"datePublished\":\"2021-02-09T12:57:59+00:00\",\"dateModified\":\"2021-02-11T07:35:04+00:00\",\"inLanguage\":\"hr\",\"potentialAction\":[{\"@type\":\"ReadAction\",\"target\":[\"https:\/\/vodovodcazin.com\/v3\/zahtjev-za-aktivaciju-e-racun\/\"]}]}]}<\/script>\n<!-- \/ Yoast SEO plugin. -->","_links":{"self":[{"href":"https:\/\/vodovodcazin.com\/v3\/wp-json\/wp\/v2\/pages\/1748","targetHints":{"allow":["GET"]}}],"collection":[{"href":"https:\/\/vodovodcazin.com\/v3\/wp-json\/wp\/v2\/pages"}],"about":[{"href":"https:\/\/vodovodcazin.com\/v3\/wp-json\/wp\/v2\/types\/page"}],"author":[{"embeddable":true,"href":"https:\/\/vodovodcazin.com\/v3\/wp-json\/wp\/v2\/users\/1"}],"replies":[{"embeddable":true,"href":"https:\/\/vodovodcazin.com\/v3\/wp-json\/wp\/v2\/comments?post=1748"}],"version-history":[{"count":4,"href":"https:\/\/vodovodcazin.com\/v3\/wp-json\/wp\/v2\/pages\/1748\/revisions"}],"predecessor-version":[{"id":1759,"href":"https:\/\/vodovodcazin.com\/v3\/wp-json\/wp\/v2\/pages\/1748\/revisions\/1759"}],"wp:attachment":[{"href":"https:\/\/vodovodcazin.com\/v3\/wp-json\/wp\/v2\/media?parent=1748"}],"curies":[{"name":"wp","href":"https:\/\/api.w.org\/{rel}","templated":true}]}}