{"id":1603,"date":"2020-08-31T07:34:37","date_gmt":"2020-08-31T07:34:37","guid":{"rendered":"https:\/\/vodovodcazin.com\/v3\/?page_id=1603"},"modified":"2024-05-27T09:28:00","modified_gmt":"2024-05-27T09:28:00","slug":"uprava-preduzeca","status":"publish","type":"page","link":"https:\/\/vodovodcazin.com\/v3\/uprava-preduzeca\/","title":{"rendered":"Uprava Preduze\u0107a"},"content":{"rendered":"\n<p><strong>Direktor<\/strong>: <\/p>\n\n\n\n<ul class=\"wp-block-list\">\n<li><strong>Ibrahim Mujaki\u0107<\/strong>, ing. gra\u0111.<\/li>\n<\/ul>\n\n\n\n<p><\/p>\n\n\n\n<p><strong>Skup\u0161tina preduze\u0107a<\/strong>:<\/p>\n\n\n\n<ul class=\"wp-block-list\">\n<li><strong>Pehli\u0107 Edin<\/strong>, predsjednik <\/li>\n\n\n\n<li>Had\u017eipa\u0161i\u0107 Rasim, \u010dlan<\/li>\n\n\n\n<li>Deli\u0107 Ismet, \u010dlan<\/li>\n\n\n\n<li>Nuhi\u0107 Raisa, \u010dlan<\/li>\n\n\n\n<li>Kapi\u0107 Merima, \u010dlan<\/li>\n<\/ul>\n\n\n\n<p><\/p>\n\n\n\n<p><strong>Nadzorni odbor Preduze\u0107a<\/strong>:<\/p>\n\n\n\n<ul class=\"wp-block-list\">\n<li><strong>Mustafi\u0107 Enes<\/strong>, predsjednik <\/li>\n\n\n\n<li>Be\u0161irevi\u0107 Sanela, \u010dlan<\/li>\n\n\n\n<li>Kli\u010di\u0107 Aldina, \u010dlan<\/li>\n\n\n\n<li>Red\u017ei\u0107 Sanid, \u010dlan<\/li>\n\n\n\n<li>Be\u0107irevi\u0107 Refik, \u010dlan<\/li>\n<\/ul>\n\n\n\n<p><\/p>\n\n\n\n<p><strong>Odbor za reviziju Preduze\u0107a<\/strong>:<\/p>\n\n\n\n<ul class=\"wp-block-list\">\n<li><strong>Bajri\u0107 Aldin<\/strong>, predsjednik<\/li>\n\n\n\n<li>\u0160ari\u0107 Mordina, \u010dlan<\/li>\n\n\n\n<li>\u0160i\u0161i\u0107 Adisa, \u010dlan<\/li>\n<\/ul>\n\n\n\n<p><\/p>\n","protected":false},"excerpt":{"rendered":"<p>Direktor: Skup\u0161tina preduze\u0107a: Nadzorni odbor Preduze\u0107a: Odbor za reviziju Preduze\u0107a:<\/p>\n","protected":false},"author":1,"featured_media":0,"parent":0,"menu_order":0,"comment_status":"closed","ping_status":"closed","template":"","meta":{"footnotes":""},"class_list":["post-1603","page","type-page","status-publish","hentry"],"yoast_head":"<!-- This site is optimized with the Yoast SEO plugin v14.9 - https:\/\/yoast.com\/wordpress\/plugins\/seo\/ -->\n<title>Uprava Preduze\u0107a - JKP Vodovod d.o.o. Cazin<\/title>\n<meta name=\"robots\" content=\"index, follow, max-snippet:-1, max-image-preview:large, max-video-preview:-1\" \/>\n<link rel=\"canonical\" href=\"https:\/\/vodovodcazin.com\/v3\/uprava-preduzeca\/\" \/>\n<meta property=\"og:locale\" content=\"hr_HR\" \/>\n<meta property=\"og:type\" content=\"article\" \/>\n<meta property=\"og:title\" content=\"Uprava Preduze\u0107a - JKP Vodovod d.o.o. Cazin\" \/>\n<meta property=\"og:description\" content=\"Direktor: Skup\u0161tina preduze\u0107a: Nadzorni odbor Preduze\u0107a: Odbor za reviziju Preduze\u0107a:\" \/>\n<meta property=\"og:url\" content=\"https:\/\/vodovodcazin.com\/v3\/uprava-preduzeca\/\" \/>\n<meta property=\"og:site_name\" content=\"JKP Vodovod d.o.o. Cazin\" \/>\n<meta property=\"article:modified_time\" content=\"2024-05-27T09:28:00+00:00\" \/>\n<meta property=\"og:image\" content=\"https:\/\/vodovodcazin.com\/v3\/wp-content\/uploads\/2020\/09\/VodovodEusluge-1024x632.png\" \/>\n\t<meta property=\"og:image:width\" content=\"1024\" \/>\n\t<meta property=\"og:image:height\" content=\"632\" \/>\n<meta name=\"twitter:card\" content=\"summary_large_image\" \/>\n<script type=\"application\/ld+json\" class=\"yoast-schema-graph\">{\"@context\":\"https:\/\/schema.org\",\"@graph\":[{\"@type\":\"WebSite\",\"@id\":\"https:\/\/vodovodcazin.com\/v3\/#website\",\"url\":\"https:\/\/vodovodcazin.com\/v3\/\",\"name\":\"JKP Vodovod d.o.o. Cazin\",\"description\":\"Sluzbena web stranica\",\"potentialAction\":[{\"@type\":\"SearchAction\",\"target\":\"https:\/\/vodovodcazin.com\/v3\/?s={search_term_string}\",\"query-input\":\"required name=search_term_string\"}],\"inLanguage\":\"hr\"},{\"@type\":\"WebPage\",\"@id\":\"https:\/\/vodovodcazin.com\/v3\/uprava-preduzeca\/#webpage\",\"url\":\"https:\/\/vodovodcazin.com\/v3\/uprava-preduzeca\/\",\"name\":\"Uprava Preduze\\u0107a - JKP Vodovod d.o.o. Cazin\",\"isPartOf\":{\"@id\":\"https:\/\/vodovodcazin.com\/v3\/#website\"},\"datePublished\":\"2020-08-31T07:34:37+00:00\",\"dateModified\":\"2024-05-27T09:28:00+00:00\",\"inLanguage\":\"hr\",\"potentialAction\":[{\"@type\":\"ReadAction\",\"target\":[\"https:\/\/vodovodcazin.com\/v3\/uprava-preduzeca\/\"]}]}]}<\/script>\n<!-- \/ Yoast SEO plugin. -->","_links":{"self":[{"href":"https:\/\/vodovodcazin.com\/v3\/wp-json\/wp\/v2\/pages\/1603","targetHints":{"allow":["GET"]}}],"collection":[{"href":"https:\/\/vodovodcazin.com\/v3\/wp-json\/wp\/v2\/pages"}],"about":[{"href":"https:\/\/vodovodcazin.com\/v3\/wp-json\/wp\/v2\/types\/page"}],"author":[{"embeddable":true,"href":"https:\/\/vodovodcazin.com\/v3\/wp-json\/wp\/v2\/users\/1"}],"replies":[{"embeddable":true,"href":"https:\/\/vodovodcazin.com\/v3\/wp-json\/wp\/v2\/comments?post=1603"}],"version-history":[{"count":6,"href":"https:\/\/vodovodcazin.com\/v3\/wp-json\/wp\/v2\/pages\/1603\/revisions"}],"predecessor-version":[{"id":2896,"href":"https:\/\/vodovodcazin.com\/v3\/wp-json\/wp\/v2\/pages\/1603\/revisions\/2896"}],"wp:attachment":[{"href":"https:\/\/vodovodcazin.com\/v3\/wp-json\/wp\/v2\/media?parent=1603"}],"curies":[{"name":"wp","href":"https:\/\/api.w.org\/{rel}","templated":true}]}}