{"id":1589,"date":"2020-08-31T07:16:31","date_gmt":"2020-08-31T07:16:31","guid":{"rendered":"https:\/\/vodovodcazin.com\/v3\/?page_id=1589"},"modified":"2020-08-31T07:26:28","modified_gmt":"2020-08-31T07:26:28","slug":"osnovni-podaci-o-preduzecu","status":"publish","type":"page","link":"https:\/\/vodovodcazin.com\/v3\/osnovni-podaci-o-preduzecu\/","title":{"rendered":"Osnovni podaci o Preduze\u0107u"},"content":{"rendered":"\n<p><strong>Naziv preduze\u0107a<\/strong>: Javno komunalno preduze\u0107e \u201eVodovod\u201c d.o.o. Cazin<\/p>\n\n\n\n<p><strong>Adresa<\/strong>: Loji\u0107ka bb, 77 220 Cazin<\/p>\n\n\n\n<p><strong>Telefon\/fax\/mobilni<\/strong>: 037\/514-500, 037\/511-962, 061\/436-005<\/p>\n\n\n\n<p><strong>Osnovna djelatnost<\/strong>: Sakupljanje, pre\u010di\u0161\u0107avanje i snadbijevanje vodom (36.00)<\/p>\n\n\n\n<p><strong>Web stranica<\/strong>: <a href=\"http:\/\/www.vodovodcazin.com\">www.vodovodcazin.com<\/a><\/p>\n\n\n\n<p><strong>E-mail<\/strong>: <a href=\"mailto:info@vodovodcazin.com\">info@vodovodcazin.com<\/a><\/p>\n\n\n\n<p><strong>Identifikacioni broj<\/strong>: 4263351830005<\/p>\n\n\n\n<p><strong>PDV broj<\/strong>: 263351830005<\/p>\n\n\n\n<p><strong>Porezni broj<\/strong>: 11143096<\/p>\n\n\n\n<p><strong>Broj upisa u sudski registar<\/strong>: 1-5007-00<\/p>\n\n\n\n<p><strong>Mjesto upisa<\/strong>: Kantonalni sud Biha\u0107<\/p>\n\n\n\n<p><strong>Transakcijski ra\u010duni<\/strong>: <a href=\"https:\/\/vodovodcazin.com\/v3\/transakcijski-racuni\/\">klik ovdje<\/a><\/p>\n","protected":false},"excerpt":{"rendered":"<p>Naziv preduze\u0107a: Javno komunalno preduze\u0107e \u201eVodovod\u201c d.o.o. Cazin Adresa: Loji\u0107ka bb, 77 220 Cazin Telefon\/fax\/mobilni: 037\/514-500, 037\/511-962, 061\/436-005 Osnovna djelatnost: Sakupljanje, pre\u010di\u0161\u0107avanje i snadbijevanje vodom (36.00) Web stranica: www.vodovodcazin.com E-mail: &#8230;<\/p>\n","protected":false},"author":1,"featured_media":0,"parent":0,"menu_order":0,"comment_status":"closed","ping_status":"closed","template":"","meta":{"footnotes":""},"class_list":["post-1589","page","type-page","status-publish","hentry"],"yoast_head":"<!-- This site is optimized with the Yoast SEO plugin v14.9 - https:\/\/yoast.com\/wordpress\/plugins\/seo\/ -->\n<title>Osnovni podaci o Preduze\u0107u - JKP Vodovod d.o.o. Cazin<\/title>\n<meta name=\"robots\" content=\"index, follow, max-snippet:-1, max-image-preview:large, max-video-preview:-1\" \/>\n<link rel=\"canonical\" href=\"https:\/\/vodovodcazin.com\/v3\/osnovni-podaci-o-preduzecu\/\" \/>\n<meta property=\"og:locale\" content=\"hr_HR\" \/>\n<meta property=\"og:type\" content=\"article\" \/>\n<meta property=\"og:title\" content=\"Osnovni podaci o Preduze\u0107u - JKP Vodovod d.o.o. Cazin\" \/>\n<meta property=\"og:description\" content=\"Naziv preduze\u0107a: Javno komunalno preduze\u0107e \u201eVodovod\u201c d.o.o. Cazin Adresa: Loji\u0107ka bb, 77 220 Cazin Telefon\/fax\/mobilni: 037\/514-500, 037\/511-962, 061\/436-005 Osnovna djelatnost: Sakupljanje, pre\u010di\u0161\u0107avanje i snadbijevanje vodom (36.00) Web stranica: www.vodovodcazin.com E-mail: ...\" \/>\n<meta property=\"og:url\" content=\"https:\/\/vodovodcazin.com\/v3\/osnovni-podaci-o-preduzecu\/\" \/>\n<meta property=\"og:site_name\" content=\"JKP Vodovod d.o.o. Cazin\" \/>\n<meta property=\"article:modified_time\" content=\"2020-08-31T07:26:28+00:00\" \/>\n<meta property=\"og:image\" content=\"https:\/\/vodovodcazin.com\/v3\/wp-content\/uploads\/2020\/09\/VodovodEusluge-1024x632.png\" \/>\n\t<meta property=\"og:image:width\" content=\"1024\" \/>\n\t<meta property=\"og:image:height\" content=\"632\" \/>\n<meta name=\"twitter:card\" content=\"summary_large_image\" \/>\n<script type=\"application\/ld+json\" class=\"yoast-schema-graph\">{\"@context\":\"https:\/\/schema.org\",\"@graph\":[{\"@type\":\"WebSite\",\"@id\":\"https:\/\/vodovodcazin.com\/v3\/#website\",\"url\":\"https:\/\/vodovodcazin.com\/v3\/\",\"name\":\"JKP Vodovod d.o.o. Cazin\",\"description\":\"Sluzbena web stranica\",\"potentialAction\":[{\"@type\":\"SearchAction\",\"target\":\"https:\/\/vodovodcazin.com\/v3\/?s={search_term_string}\",\"query-input\":\"required name=search_term_string\"}],\"inLanguage\":\"hr\"},{\"@type\":\"WebPage\",\"@id\":\"https:\/\/vodovodcazin.com\/v3\/osnovni-podaci-o-preduzecu\/#webpage\",\"url\":\"https:\/\/vodovodcazin.com\/v3\/osnovni-podaci-o-preduzecu\/\",\"name\":\"Osnovni podaci o Preduze\\u0107u - JKP Vodovod d.o.o. Cazin\",\"isPartOf\":{\"@id\":\"https:\/\/vodovodcazin.com\/v3\/#website\"},\"datePublished\":\"2020-08-31T07:16:31+00:00\",\"dateModified\":\"2020-08-31T07:26:28+00:00\",\"inLanguage\":\"hr\",\"potentialAction\":[{\"@type\":\"ReadAction\",\"target\":[\"https:\/\/vodovodcazin.com\/v3\/osnovni-podaci-o-preduzecu\/\"]}]}]}<\/script>\n<!-- \/ Yoast SEO plugin. -->","_links":{"self":[{"href":"https:\/\/vodovodcazin.com\/v3\/wp-json\/wp\/v2\/pages\/1589","targetHints":{"allow":["GET"]}}],"collection":[{"href":"https:\/\/vodovodcazin.com\/v3\/wp-json\/wp\/v2\/pages"}],"about":[{"href":"https:\/\/vodovodcazin.com\/v3\/wp-json\/wp\/v2\/types\/page"}],"author":[{"embeddable":true,"href":"https:\/\/vodovodcazin.com\/v3\/wp-json\/wp\/v2\/users\/1"}],"replies":[{"embeddable":true,"href":"https:\/\/vodovodcazin.com\/v3\/wp-json\/wp\/v2\/comments?post=1589"}],"version-history":[{"count":4,"href":"https:\/\/vodovodcazin.com\/v3\/wp-json\/wp\/v2\/pages\/1589\/revisions"}],"predecessor-version":[{"id":1602,"href":"https:\/\/vodovodcazin.com\/v3\/wp-json\/wp\/v2\/pages\/1589\/revisions\/1602"}],"wp:attachment":[{"href":"https:\/\/vodovodcazin.com\/v3\/wp-json\/wp\/v2\/media?parent=1589"}],"curies":[{"name":"wp","href":"https:\/\/api.w.org\/{rel}","templated":true}]}}