{"id":1472,"date":"2020-08-19T12:49:34","date_gmt":"2020-08-19T12:49:34","guid":{"rendered":"https:\/\/vodovodcazin.com\/v3\/?page_id=1472"},"modified":"2026-01-19T08:01:59","modified_gmt":"2026-01-19T08:01:59","slug":"o-nama","status":"publish","type":"page","link":"https:\/\/vodovodcazin.com\/v3\/o-nama\/","title":{"rendered":"O JKP Vodovod"},"content":{"rendered":"\n<p>Javno komunalno preduze\u0107e \u2019\u2019Vodovod\u2019\u2019 Cazin je nakon podjele JP \u2019\u2019Komunalije\u2019\u2019 registrovano kod Kantonalnog suda u Biha\u0107u, rje\u0161enjem broj: U\/l-596\/03 od 13.05. 2003. godine. Mati\u010dni registarski broj broj subjekta upisa je: 1-5007-00.<\/p>\n\n\n\n<p>Op\u0107insko vije\u0107e Cazin je svojom odlukom broj: 01\/V-05-4029\/05 od 31.05. 2005. godine izvr\u0161ilo uskla\u0111ivanje ranije Odluke o organizovanju JKP \u2019\u2019Vodovod\u2019\u2019 Cazin od 23.11. 2002. godine sa Zakonom o privrednim dru\u0161tvima (Slu\u017ebene novine FBiH, broj 23\/99, 45\/00, 2\/02, 6\/02 i 29\/03) i Zakonom o javnim preduze\u0107ima u Federaciji BiH (Slu\u017ebene novine FBiH, broj 8\/05).<\/p>\n\n\n\n<p>Kod Kantonalnog suda u Biha\u0107u dana 04.07.2005. godine je izvr\u0161en upis ovog uskla\u0111ivanja promjene firme i oblika, tako da je sada\u0161nji naziv firme: Javno komunalno preduze\u0107e \u2019\u2019Vodovod\u2019\u2019 d.o.o. Cazin.<\/p>\n\n\n\n<p>Ukupna du\u017eina vodovodne mre\u017ee Grada Cazina iznosi preko 1000 km i uklju\u010duje 6 zasebnih vodovoda koji \u010dine vodovodni sistem Grada Cazina. Ovim sistemom se centralizovano upravlja iz sjedi\u0161ta JKP \u201eVodovod\u201c d.o.o. Cazin.<\/p>\n\n\n\n<p>Vi\u0161e informacija o vodovodnom sistemu Grada Cazina mo\u017eete pro\u010ditati na <a href=\"https:\/\/vodovodcazin.com\/v3\/vodovodni-sistem-grada-cazina\/\">ovom linku<\/a> (<a href=\"https:\/\/vodovodcazin.com\/v3\/vodovodni-sistem-grada-cazina\/\">Klik<\/a>).<\/p>\n\n\n\n<hr class=\"wp-block-separator has-css-opacity\"\/>\n\n\n\n<div class=\"wp-block-group\"><div class=\"wp-block-group__inner-container is-layout-flow wp-block-group-is-layout-flow\">\n<div class=\"wp-block-file\"><a id=\"wp-block-file--media-57ecd742-6025-4c69-ba1b-84a3323af2ff\" href=\"https:\/\/vodovodcazin.com\/v3\/wp-content\/uploads\/2020\/08\/PDV-broj_Lojicka-bb-1.pdf\">PDV broj JKP Vodovod doo Cazin<\/a><a href=\"https:\/\/vodovodcazin.com\/v3\/wp-content\/uploads\/2020\/08\/PDV-broj_Lojicka-bb-1.pdf\" class=\"wp-block-file__button wp-element-button\" download aria-describedby=\"wp-block-file--media-57ecd742-6025-4c69-ba1b-84a3323af2ff\">Preuzmi<\/a><\/div>\n\n\n\n<div class=\"wp-block-file\"><a id=\"wp-block-file--media-7e86d562-823c-4df3-8bd0-afd32423b5e5\" href=\"https:\/\/vodovodcazin.com\/v3\/wp-content\/uploads\/2020\/08\/ID-broj_Lojicka-bb-1.pdf\">ID Broj JKP Vodovod doo Cazin<\/a><a href=\"https:\/\/vodovodcazin.com\/v3\/wp-content\/uploads\/2020\/08\/ID-broj_Lojicka-bb-1.pdf\" class=\"wp-block-file__button wp-element-button\" download aria-describedby=\"wp-block-file--media-7e86d562-823c-4df3-8bd0-afd32423b5e5\">Preuzmi<\/a><\/div>\n<\/div><\/div>\n\n\n\n<hr class=\"wp-block-separator has-css-opacity\"\/>\n\n\n\n<figure class=\"wp-block-image size-full\"><img loading=\"lazy\" decoding=\"async\" width=\"600\" height=\"100\" src=\"https:\/\/vodovodcazin.com\/v3\/wp-content\/uploads\/2023\/05\/bonitet.png\" alt=\"\" class=\"wp-image-2494\" srcset=\"https:\/\/vodovodcazin.com\/v3\/wp-content\/uploads\/2023\/05\/bonitet.png 600w, https:\/\/vodovodcazin.com\/v3\/wp-content\/uploads\/2023\/05\/bonitet-300x50.png 300w\" sizes=\"auto, (max-width: 600px) 100vw, 600px\" \/><\/figure>\n\n\n\n<p><\/p>\n\n\n\n<figure class=\"wp-block-image size-full\"><img loading=\"lazy\" decoding=\"async\" width=\"600\" height=\"100\" src=\"https:\/\/vodovodcazin.com\/v3\/wp-content\/uploads\/2022\/05\/bonitet.png\" alt=\"\" class=\"wp-image-2154\" srcset=\"https:\/\/vodovodcazin.com\/v3\/wp-content\/uploads\/2022\/05\/bonitet.png 600w, https:\/\/vodovodcazin.com\/v3\/wp-content\/uploads\/2022\/05\/bonitet-300x50.png 300w\" sizes=\"auto, (max-width: 600px) 100vw, 600px\" \/><\/figure>\n\n\n\n<p><\/p>\n\n\n\n<figure class=\"wp-block-image size-large\"><a href=\"https:\/\/aaa.bisnode.si\/certificate?companyID=BA1000000027596&amp;lang=sr-Latn-BA\"><img loading=\"lazy\" decoding=\"async\" width=\"545\" height=\"160\" src=\"https:\/\/vodovodcazin.com\/v3\/wp-content\/uploads\/2020\/08\/bonitet-1.png\" alt=\"\" class=\"wp-image-1578\" srcset=\"https:\/\/vodovodcazin.com\/v3\/wp-content\/uploads\/2020\/08\/bonitet-1.png 545w, https:\/\/vodovodcazin.com\/v3\/wp-content\/uploads\/2020\/08\/bonitet-1-300x88.png 300w\" sizes=\"auto, (max-width: 545px) 100vw, 545px\" \/><\/a><\/figure>\n\n\n\n<p><\/p>\n\n\n\n<p>><a href=\"https:\/\/vodovodcazin.com\/v3\/izvjestaji-o-radu\/\"> Izvje\u0161taji o radu<\/a><\/p>\n\n\n\n<p><\/p>\n","protected":false},"excerpt":{"rendered":"<p>Javno komunalno preduze\u0107e \u2019\u2019Vodovod\u2019\u2019 Cazin je nakon podjele JP \u2019\u2019Komunalije\u2019\u2019 registrovano kod Kantonalnog suda u Biha\u0107u, rje\u0161enjem broj: U\/l-596\/03 od 13.05. 2003. godine. Mati\u010dni registarski broj broj subjekta upisa je: &#8230;<\/p>\n","protected":false},"author":1,"featured_media":1475,"parent":0,"menu_order":0,"comment_status":"closed","ping_status":"closed","template":"","meta":{"footnotes":""},"class_list":["post-1472","page","type-page","status-publish","has-post-thumbnail","hentry"],"yoast_head":"<!-- This site is optimized with the Yoast SEO plugin v14.9 - https:\/\/yoast.com\/wordpress\/plugins\/seo\/ -->\n<title>O JKP Vodovod - JKP Vodovod d.o.o. Cazin<\/title>\n<meta name=\"robots\" content=\"index, follow, max-snippet:-1, max-image-preview:large, max-video-preview:-1\" \/>\n<link rel=\"canonical\" href=\"https:\/\/vodovodcazin.com\/v3\/o-nama\/\" \/>\n<meta property=\"og:locale\" content=\"hr_HR\" \/>\n<meta property=\"og:type\" content=\"article\" \/>\n<meta property=\"og:title\" content=\"O JKP Vodovod - JKP Vodovod d.o.o. Cazin\" \/>\n<meta property=\"og:description\" content=\"Javno komunalno preduze\u0107e \u2019\u2019Vodovod\u2019\u2019 Cazin je nakon podjele JP \u2019\u2019Komunalije\u2019\u2019 registrovano kod Kantonalnog suda u Biha\u0107u, rje\u0161enjem broj: U\/l-596\/03 od 13.05. 2003. godine. Mati\u010dni registarski broj broj subjekta upisa je: ...\" \/>\n<meta property=\"og:url\" content=\"https:\/\/vodovodcazin.com\/v3\/o-nama\/\" \/>\n<meta property=\"og:site_name\" content=\"JKP Vodovod d.o.o. Cazin\" \/>\n<meta property=\"article:modified_time\" content=\"2026-01-19T08:01:59+00:00\" \/>\n<meta property=\"og:image\" content=\"https:\/\/vodovodcazin.com\/v3\/wp-content\/uploads\/2020\/08\/grb_vodovod_plavi.png\" \/>\n\t<meta property=\"og:image:width\" content=\"800\" \/>\n\t<meta property=\"og:image:height\" content=\"800\" \/>\n<meta name=\"twitter:card\" content=\"summary_large_image\" \/>\n<script type=\"application\/ld+json\" class=\"yoast-schema-graph\">{\"@context\":\"https:\/\/schema.org\",\"@graph\":[{\"@type\":\"WebSite\",\"@id\":\"https:\/\/vodovodcazin.com\/v3\/#website\",\"url\":\"https:\/\/vodovodcazin.com\/v3\/\",\"name\":\"JKP Vodovod d.o.o. Cazin\",\"description\":\"Sluzbena web stranica\",\"potentialAction\":[{\"@type\":\"SearchAction\",\"target\":\"https:\/\/vodovodcazin.com\/v3\/?s={search_term_string}\",\"query-input\":\"required name=search_term_string\"}],\"inLanguage\":\"hr\"},{\"@type\":\"ImageObject\",\"@id\":\"https:\/\/vodovodcazin.com\/v3\/o-nama\/#primaryimage\",\"inLanguage\":\"hr\",\"url\":\"https:\/\/vodovodcazin.com\/v3\/wp-content\/uploads\/2020\/08\/grb_vodovod_plavi.png\",\"width\":800,\"height\":800},{\"@type\":\"WebPage\",\"@id\":\"https:\/\/vodovodcazin.com\/v3\/o-nama\/#webpage\",\"url\":\"https:\/\/vodovodcazin.com\/v3\/o-nama\/\",\"name\":\"O JKP Vodovod - JKP Vodovod d.o.o. Cazin\",\"isPartOf\":{\"@id\":\"https:\/\/vodovodcazin.com\/v3\/#website\"},\"primaryImageOfPage\":{\"@id\":\"https:\/\/vodovodcazin.com\/v3\/o-nama\/#primaryimage\"},\"datePublished\":\"2020-08-19T12:49:34+00:00\",\"dateModified\":\"2026-01-19T08:01:59+00:00\",\"inLanguage\":\"hr\",\"potentialAction\":[{\"@type\":\"ReadAction\",\"target\":[\"https:\/\/vodovodcazin.com\/v3\/o-nama\/\"]}]}]}<\/script>\n<!-- \/ Yoast SEO plugin. -->","_links":{"self":[{"href":"https:\/\/vodovodcazin.com\/v3\/wp-json\/wp\/v2\/pages\/1472","targetHints":{"allow":["GET"]}}],"collection":[{"href":"https:\/\/vodovodcazin.com\/v3\/wp-json\/wp\/v2\/pages"}],"about":[{"href":"https:\/\/vodovodcazin.com\/v3\/wp-json\/wp\/v2\/types\/page"}],"author":[{"embeddable":true,"href":"https:\/\/vodovodcazin.com\/v3\/wp-json\/wp\/v2\/users\/1"}],"replies":[{"embeddable":true,"href":"https:\/\/vodovodcazin.com\/v3\/wp-json\/wp\/v2\/comments?post=1472"}],"version-history":[{"count":7,"href":"https:\/\/vodovodcazin.com\/v3\/wp-json\/wp\/v2\/pages\/1472\/revisions"}],"predecessor-version":[{"id":3520,"href":"https:\/\/vodovodcazin.com\/v3\/wp-json\/wp\/v2\/pages\/1472\/revisions\/3520"}],"wp:featuredmedia":[{"embeddable":true,"href":"https:\/\/vodovodcazin.com\/v3\/wp-json\/wp\/v2\/media\/1475"}],"wp:attachment":[{"href":"https:\/\/vodovodcazin.com\/v3\/wp-json\/wp\/v2\/media?parent=1472"}],"curies":[{"name":"wp","href":"https:\/\/api.w.org\/{rel}","templated":true}]}}