{"id":1452,"date":"2020-08-19T11:57:51","date_gmt":"2020-08-19T11:57:51","guid":{"rendered":"https:\/\/vodovodcazin.com\/v3\/?page_id=1452"},"modified":"2022-04-21T06:45:34","modified_gmt":"2022-04-21T06:45:34","slug":"primaj-racun-e-mailom","status":"publish","type":"page","link":"https:\/\/vodovodcazin.com\/v3\/primaj-racun-e-mailom\/","title":{"rendered":"Primaj ra\u010dun e-mailom"},"content":{"rendered":"\n<p>Elektronski ra\u010dun je sadr\u017eajno identi\u010dan papirnom ra\u010dunu, a razlika je u tome \u0161to ga dobivate direktno na svoju e-mail adresu, \u0161to omogu\u0107ava trajno arhiviranje i dostupnost. Kori\u0161tenjem ove e-usluge dobit \u0107ete br\u017eu i sigurnu dostavu ra\u010duna, te \u0107ete pridonijeti o\u010duvanju \u017eivotne sredine. Da bi primali ra\u010dun e-mailom potrebno je da ispravno popunite zahtjev ispod:<\/p>\n\n\n<noscript class=\"ninja-forms-noscript-message\">\n    Notice: JavaScript is required for this content.<\/noscript><div id=\"nf-form-5-cont\" class=\"nf-form-cont\" aria-live=\"polite\" aria-labelledby=\"nf-form-title-5\" aria-describedby=\"nf-form-errors-5\" role=\"form\">\n\n    <div class=\"nf-loading-spinner\"><\/div>\n\n<\/div>\n        <!-- TODO: Move to Template File. -->\n        <script>var formDisplay=1;var nfForms=nfForms||[];var form=[];form.id='5';form.settings={\"objectType\":\"Form Setting\",\"editActive\":true,\"title\":\"Primajte ra\\u010dun e-mailom\",\"show_title\":0,\"allow_public_link\":0,\"embed_form\":\"\",\"clear_complete\":1,\"hide_complete\":1,\"default_label_pos\":\"left\",\"wrapper_class\":\"\",\"element_class\":\"\",\"key\":\"\",\"add_submit\":0,\"changeEmailErrorMsg\":\"Molimo Vas da unesete ispravnu e-mail adresu.\",\"changeDateErrorMsg\":\"Please enter a valid date!\",\"confirmFieldErrorMsg\":\"These fields must match!\",\"fieldNumberNumMinError\":\"Number Min Error\",\"fieldNumberNumMaxError\":\"Number Max Error\",\"fieldNumberIncrementBy\":\"Please increment by \",\"formErrorsCorrectErrors\":\"Molimo Vas da ispravno popunite sva polja prije podno\\u0161enja zahtjeva.\",\"validateRequiredField\":\"Ovo polje je obavezno\",\"honeypotHoneypotError\":\"Honeypot Error\",\"fieldsMarkedRequired\":\"Obavezni ste popuniti sva polja.\",\"currency\":\"\",\"unique_field_error\":\"A form with this value has already been submitted.\",\"logged_in\":false,\"not_logged_in_msg\":\"\",\"sub_limit_msg\":\"The form has reached its submission limit.\",\"calculations\":[],\"formContentData\":[\"ime_1597837421265\",\"ime_oca_1597837439740\",\"prezime_1597837458660\",\"kontakt_telefon_1598954379752\",\"adresa_na_koju_sada_dolazi_printani_racun_1597837593333\",\"e-mail_adresa_na_koju_zelite_primati_elektronski_racun_1597837697765\",\"hr_1597837721978\",\"podnesi_zahtjev_1597837735890\",\"hr_1597911927918\"],\"drawerDisabled\":false,\"ninjaForms\":\"Ninja Forms\",\"fieldTextareaRTEInsertLink\":\"Insert Link\",\"fieldTextareaRTEInsertMedia\":\"Insert Media\",\"fieldTextareaRTESelectAFile\":\"Select a file\",\"formHoneypot\":\"If you are a human seeing this field, please leave it empty.\",\"fileUploadOldCodeFileUploadInProgress\":\"File Upload in Progress.\",\"fileUploadOldCodeFileUpload\":\"FILE UPLOAD\",\"currencySymbol\":\"&#36;\",\"thousands_sep\":\".\",\"decimal_point\":\".\",\"siteLocale\":\"hr\",\"dateFormat\":\"m\\\/d\\\/Y\",\"startOfWeek\":\"1\",\"of\":\"of\",\"previousMonth\":\"Previous Month\",\"nextMonth\":\"Next Month\",\"months\":[\"January\",\"February\",\"March\",\"April\",\"May\",\"June\",\"July\",\"August\",\"September\",\"October\",\"November\",\"December\"],\"monthsShort\":[\"Jan\",\"Feb\",\"Mar\",\"Apr\",\"May\",\"Jun\",\"Jul\",\"Aug\",\"Sep\",\"Oct\",\"Nov\",\"Dec\"],\"weekdays\":[\"Sunday\",\"Monday\",\"Tuesday\",\"Wednesday\",\"Thursday\",\"Friday\",\"Saturday\"],\"weekdaysShort\":[\"Sun\",\"Mon\",\"Tue\",\"Wed\",\"Thu\",\"Fri\",\"Sat\"],\"weekdaysMin\":[\"Su\",\"Mo\",\"Tu\",\"We\",\"Th\",\"Fr\",\"Sa\"],\"currency_symbol\":\"\",\"beforeForm\":\"\",\"beforeFields\":\"\",\"afterFields\":\"\",\"afterForm\":\"\"};form.fields=[{\"objectType\":\"Field\",\"objectDomain\":\"fields\",\"editActive\":false,\"order\":1,\"label\":\"Ime\",\"type\":\"firstname\",\"key\":\"ime_1597837421265\",\"label_pos\":\"left\",\"required\":1,\"default\":\"\",\"placeholder\":\"\",\"container_class\":\"\",\"element_class\":\"\",\"admin_label\":\"\",\"help_text\":\"\",\"custom_name_attribute\":\"fname\",\"personally_identifiable\":1,\"value\":\"\",\"drawerDisabled\":false,\"id\":25,\"beforeField\":\"\",\"afterField\":\"\",\"parentType\":\"firstname\",\"element_templates\":[\"firstname\",\"input\"],\"old_classname\":\"\",\"wrap_template\":\"wrap\"},{\"objectType\":\"Field\",\"objectDomain\":\"fields\",\"editActive\":false,\"order\":2,\"label\":\"Ime oca\",\"type\":\"firstname\",\"key\":\"ime_oca_1597837439740\",\"label_pos\":\"left\",\"required\":1,\"default\":\"\",\"placeholder\":\"\",\"container_class\":\"\",\"element_class\":\"\",\"admin_label\":\"\",\"help_text\":\"\",\"custom_name_attribute\":\"fname\",\"personally_identifiable\":1,\"value\":\"\",\"drawerDisabled\":false,\"id\":26,\"beforeField\":\"\",\"afterField\":\"\",\"parentType\":\"firstname\",\"element_templates\":[\"firstname\",\"input\"],\"old_classname\":\"\",\"wrap_template\":\"wrap\"},{\"objectType\":\"Field\",\"objectDomain\":\"fields\",\"editActive\":false,\"order\":3,\"label\":\"Prezime\",\"type\":\"lastname\",\"key\":\"prezime_1597837458660\",\"label_pos\":\"left\",\"required\":1,\"default\":\"\",\"placeholder\":\"\",\"container_class\":\"\",\"element_class\":\"\",\"admin_label\":\"\",\"help_text\":\"\",\"custom_name_attribute\":\"lname\",\"personally_identifiable\":1,\"value\":\"\",\"drawerDisabled\":false,\"id\":27,\"beforeField\":\"\",\"afterField\":\"\",\"parentType\":\"lastname\",\"element_templates\":[\"lastname\",\"input\"],\"old_classname\":\"\",\"wrap_template\":\"wrap\"},{\"objectType\":\"Field\",\"objectDomain\":\"fields\",\"editActive\":false,\"order\":4,\"label\":\"Kontakt telefon\",\"type\":\"phone\",\"key\":\"kontakt_telefon_1598954379752\",\"label_pos\":\"left\",\"required\":1,\"default\":\"\",\"placeholder\":\"\",\"container_class\":\"\",\"element_class\":\"\",\"input_limit\":\"\",\"input_limit_type\":\"characters\",\"input_limit_msg\":\"Character(s) left\",\"manual_key\":false,\"admin_label\":\"\",\"help_text\":\"\",\"mask\":\"\",\"custom_mask\":\"\",\"custom_name_attribute\":\"phone\",\"personally_identifiable\":1,\"value\":\"\",\"drawerDisabled\":false,\"id\":58,\"beforeField\":\"\",\"afterField\":\"\",\"parentType\":\"textbox\",\"element_templates\":[\"tel\",\"textbox\",\"input\"],\"old_classname\":\"\",\"wrap_template\":\"wrap\"},{\"objectType\":\"Field\",\"objectDomain\":\"fields\",\"editActive\":false,\"order\":5,\"label\":\"Adresa na koju sada dolazi printani ra\\u010dun\",\"type\":\"address\",\"key\":\"adresa_na_koju_sada_dolazi_printani_racun_1597837593333\",\"label_pos\":\"left\",\"required\":1,\"default\":\"\",\"placeholder\":\"\",\"container_class\":\"\",\"element_class\":\"\",\"input_limit\":\"\",\"input_limit_type\":\"characters\",\"input_limit_msg\":\"Character(s) left\",\"manual_key\":false,\"admin_label\":\"\",\"help_text\":\"\",\"mask\":\"\",\"custom_mask\":\"\",\"custom_name_attribute\":\"address\",\"personally_identifiable\":1,\"value\":\"\",\"drawerDisabled\":false,\"id\":28,\"beforeField\":\"\",\"afterField\":\"\",\"parentType\":\"address\",\"element_templates\":[\"address\",\"textbox\",\"input\"],\"old_classname\":\"\",\"wrap_template\":\"wrap\"},{\"objectType\":\"Field\",\"objectDomain\":\"fields\",\"editActive\":false,\"order\":6,\"label\":\"E-mail adresa na koju \\u017eelite primati elektronski ra\\u010dun\",\"type\":\"email\",\"key\":\"e-mail_adresa_na_koju_zelite_primati_elektronski_racun_1597837697765\",\"label_pos\":\"left\",\"required\":1,\"default\":\"\",\"placeholder\":\"\",\"container_class\":\"\",\"element_class\":\"\",\"admin_label\":\"\",\"help_text\":\"\",\"custom_name_attribute\":\"email\",\"personally_identifiable\":1,\"value\":\"\",\"drawerDisabled\":false,\"id\":29,\"beforeField\":\"\",\"afterField\":\"\",\"parentType\":\"email\",\"element_templates\":[\"email\",\"input\"],\"old_classname\":\"\",\"wrap_template\":\"wrap\"},{\"objectType\":\"Field\",\"objectDomain\":\"fields\",\"editActive\":false,\"order\":7,\"label\":\"Divider\",\"type\":\"hr\",\"container_class\":\"\",\"element_class\":\"\",\"key\":\"hr_1597837721978\",\"id\":30,\"beforeField\":\"\",\"afterField\":\"\",\"value\":\"\",\"label_pos\":\"left\",\"parentType\":\"hr\",\"element_templates\":[\"hr\",\"input\"],\"old_classname\":\"\",\"wrap_template\":\"wrap\"},{\"objectType\":\"Field\",\"objectDomain\":\"fields\",\"editActive\":false,\"order\":8,\"label\":\"Podnesi zahtjev !\",\"type\":\"submit\",\"processing_label\":\"Podnosim zahtjev...\",\"container_class\":\"\",\"element_class\":\"\",\"key\":\"podnesi_zahtjev_1597837735890\",\"drawerDisabled\":false,\"id\":31,\"beforeField\":\"\",\"afterField\":\"\",\"value\":\"\",\"label_pos\":\"left\",\"parentType\":\"textbox\",\"element_templates\":[\"submit\",\"button\",\"input\"],\"old_classname\":\"\",\"wrap_template\":\"wrap-no-label\"},{\"objectType\":\"Field\",\"objectDomain\":\"fields\",\"editActive\":false,\"order\":9,\"label\":\"Divider\",\"type\":\"hr\",\"container_class\":\"\",\"element_class\":\"\",\"key\":\"hr_1597911927918\",\"id\":56,\"beforeField\":\"\",\"afterField\":\"\",\"value\":\"\",\"label_pos\":\"left\",\"parentType\":\"hr\",\"element_templates\":[\"hr\",\"input\"],\"old_classname\":\"\",\"wrap_template\":\"wrap\"}];nfForms.push(form);<\/script>\n        ","protected":false},"excerpt":{"rendered":"<p>Elektronski ra\u010dun je sadr\u017eajno identi\u010dan papirnom ra\u010dunu, a razlika je u tome \u0161to ga dobivate direktno na svoju e-mail adresu, \u0161to omogu\u0107ava trajno arhiviranje i dostupnost. Kori\u0161tenjem ove e-usluge dobit &#8230;<\/p>\n","protected":false},"author":1,"featured_media":0,"parent":0,"menu_order":0,"comment_status":"closed","ping_status":"closed","template":"","meta":{"footnotes":""},"class_list":["post-1452","page","type-page","status-publish","hentry"],"yoast_head":"<!-- This site is optimized with the Yoast SEO plugin v14.9 - https:\/\/yoast.com\/wordpress\/plugins\/seo\/ -->\n<title>Primaj ra\u010dun e-mailom - JKP Vodovod d.o.o. Cazin<\/title>\n<meta name=\"robots\" content=\"index, follow, max-snippet:-1, max-image-preview:large, max-video-preview:-1\" \/>\n<link rel=\"canonical\" href=\"https:\/\/vodovodcazin.com\/v3\/primaj-racun-e-mailom\/\" \/>\n<meta property=\"og:locale\" content=\"hr_HR\" \/>\n<meta property=\"og:type\" content=\"article\" \/>\n<meta property=\"og:title\" content=\"Primaj ra\u010dun e-mailom - JKP Vodovod d.o.o. Cazin\" \/>\n<meta property=\"og:description\" content=\"Elektronski ra\u010dun je sadr\u017eajno identi\u010dan papirnom ra\u010dunu, a razlika je u tome \u0161to ga dobivate direktno na svoju e-mail adresu, \u0161to omogu\u0107ava trajno arhiviranje i dostupnost. Kori\u0161tenjem ove e-usluge dobit ...\" \/>\n<meta property=\"og:url\" content=\"https:\/\/vodovodcazin.com\/v3\/primaj-racun-e-mailom\/\" \/>\n<meta property=\"og:site_name\" content=\"JKP Vodovod d.o.o. Cazin\" \/>\n<meta property=\"article:modified_time\" content=\"2022-04-21T06:45:34+00:00\" \/>\n<meta property=\"og:image\" content=\"https:\/\/vodovodcazin.com\/v3\/wp-content\/uploads\/2020\/09\/VodovodEusluge-1024x632.png\" \/>\n\t<meta property=\"og:image:width\" content=\"1024\" \/>\n\t<meta property=\"og:image:height\" content=\"632\" \/>\n<meta name=\"twitter:card\" content=\"summary_large_image\" \/>\n<script type=\"application\/ld+json\" class=\"yoast-schema-graph\">{\"@context\":\"https:\/\/schema.org\",\"@graph\":[{\"@type\":\"WebSite\",\"@id\":\"https:\/\/vodovodcazin.com\/v3\/#website\",\"url\":\"https:\/\/vodovodcazin.com\/v3\/\",\"name\":\"JKP Vodovod d.o.o. Cazin\",\"description\":\"Sluzbena web stranica\",\"potentialAction\":[{\"@type\":\"SearchAction\",\"target\":\"https:\/\/vodovodcazin.com\/v3\/?s={search_term_string}\",\"query-input\":\"required name=search_term_string\"}],\"inLanguage\":\"hr\"},{\"@type\":\"WebPage\",\"@id\":\"https:\/\/vodovodcazin.com\/v3\/primaj-racun-e-mailom\/#webpage\",\"url\":\"https:\/\/vodovodcazin.com\/v3\/primaj-racun-e-mailom\/\",\"name\":\"Primaj ra\\u010dun e-mailom - JKP Vodovod d.o.o. Cazin\",\"isPartOf\":{\"@id\":\"https:\/\/vodovodcazin.com\/v3\/#website\"},\"datePublished\":\"2020-08-19T11:57:51+00:00\",\"dateModified\":\"2022-04-21T06:45:34+00:00\",\"inLanguage\":\"hr\",\"potentialAction\":[{\"@type\":\"ReadAction\",\"target\":[\"https:\/\/vodovodcazin.com\/v3\/primaj-racun-e-mailom\/\"]}]}]}<\/script>\n<!-- \/ Yoast SEO plugin. -->","_links":{"self":[{"href":"https:\/\/vodovodcazin.com\/v3\/wp-json\/wp\/v2\/pages\/1452","targetHints":{"allow":["GET"]}}],"collection":[{"href":"https:\/\/vodovodcazin.com\/v3\/wp-json\/wp\/v2\/pages"}],"about":[{"href":"https:\/\/vodovodcazin.com\/v3\/wp-json\/wp\/v2\/types\/page"}],"author":[{"embeddable":true,"href":"https:\/\/vodovodcazin.com\/v3\/wp-json\/wp\/v2\/users\/1"}],"replies":[{"embeddable":true,"href":"https:\/\/vodovodcazin.com\/v3\/wp-json\/wp\/v2\/comments?post=1452"}],"version-history":[{"count":3,"href":"https:\/\/vodovodcazin.com\/v3\/wp-json\/wp\/v2\/pages\/1452\/revisions"}],"predecessor-version":[{"id":2100,"href":"https:\/\/vodovodcazin.com\/v3\/wp-json\/wp\/v2\/pages\/1452\/revisions\/2100"}],"wp:attachment":[{"href":"https:\/\/vodovodcazin.com\/v3\/wp-json\/wp\/v2\/media?parent=1452"}],"curies":[{"name":"wp","href":"https:\/\/api.w.org\/{rel}","templated":true}]}}